{"id":10079,"date":"2016-03-11T07:17:40","date_gmt":"2016-03-11T05:17:40","guid":{"rendered":"http:\/\/psychology-help.cmsmasters.net\/?page_id=10079"},"modified":"2025-11-10T15:47:58","modified_gmt":"2025-11-10T13:47:58","slug":"contact","status":"publish","type":"page","link":"https:\/\/anapantazescu.ro\/index.php\/contact\/","title":{"rendered":"Contact"},"content":{"rendered":"<style type=\"text\/css\"> \n#cmsmasters_row_69e5008e14f4a0_92368659 { \n\tbackground-color:#fdfdfd;\n} \n\n#cmsmasters_row_69e5008e14f4a0_92368659 .cmsmasters_row_outer_parent { \n\tpadding-top: 60px; \n} \n\n#cmsmasters_row_69e5008e14f4a0_92368659 .cmsmasters_row_outer_parent { \n\tpadding-bottom: 50px; \n} \n\n \n#cmsmasters_row_69e5008e15eb35_57824566 { \n\tbackground-color:#e7e7e7;\n\tbackground-image: url(https:\/\/anapantazescu.ro\/wp-content\/uploads\/2015\/11\/pattern.png); \n\tbackground-position: top center; \n\tbackground-repeat: repeat; \n\tbackground-attachment: scroll; \n\tbackground-size: auto; \n} \n\n#cmsmasters_row_69e5008e15eb35_57824566 .cmsmasters_row_outer_parent { \n\tpadding-top: 80px; \n} \n\n#cmsmasters_row_69e5008e15eb35_57824566 .cmsmasters_row_outer_parent { \n\tpadding-bottom: 90px; \n} \n\n \n#cmsmasters_divider_69e5008e161638_86219889 { \n\tborder-bottom-width:0px; \n\tborder-bottom-style:solid; \n\tpadding-top:30px; \n\tmargin-bottom:0px; \n} \n \n#cmsmasters_icon_69e5008e1638d8_46061022 { \n\tdisplay:block; \n\ttext-align:left; } \n\n#cmsmasters_icon_69e5008e1638d8_46061022 .cmsmasters_simple_icon { \n\tborder-width:0px; \n\twidth:36px; \n\theight:36px; \n\tfont-size:32px; \n\tline-height:36px; \n\ttext-align:left; \n\t-webkit-border-radius:50%; \n\tborder-radius:50%; \n\tcolor:#a36f61;} \n \n#cmsmasters_heading_69e5008e163a73_09979172 { \n\ttext-align:left; \n\tmargin-top:20px; \n\tmargin-bottom:30px; \n} \n\n#cmsmasters_heading_69e5008e163a73_09979172 .cmsmasters_heading { \n\ttext-align:left; \n} \n\n#cmsmasters_heading_69e5008e163a73_09979172 .cmsmasters_heading, #cmsmasters_heading_69e5008e163a73_09979172 .cmsmasters_heading a { \n\tfont-weight:bold; \n\tfont-style:normal; \n} \n\n#cmsmasters_heading_69e5008e163a73_09979172 .cmsmasters_heading_divider { \n} \n\n \n#cmsmasters_icon_69e5008e163fc2_80395024 { \n\tdisplay:block; \n\ttext-align:left; } \n\n#cmsmasters_icon_69e5008e163fc2_80395024 .cmsmasters_simple_icon { \n\tborder-width:0px; \n\twidth:36px; \n\theight:36px; \n\tfont-size:32px; \n\tline-height:36px; \n\ttext-align:left; \n\t-webkit-border-radius:50%; \n\tborder-radius:50%; \n\tcolor:#a36f61;} \n \n#cmsmasters_heading_69e5008e164097_20493035 { \n\ttext-align:left; \n\tmargin-top:20px; \n\tmargin-bottom:30px; \n} \n\n#cmsmasters_heading_69e5008e164097_20493035 .cmsmasters_heading { \n\ttext-align:left; \n} \n\n#cmsmasters_heading_69e5008e164097_20493035 .cmsmasters_heading, #cmsmasters_heading_69e5008e164097_20493035 .cmsmasters_heading a { \n\tfont-weight:bold; \n\tfont-style:normal; \n} \n\n#cmsmasters_heading_69e5008e164097_20493035 .cmsmasters_heading_divider { \n} \n\n \n#cmsmasters_icon_69e5008e164518_33142822 { \n\tdisplay:block; \n\ttext-align:left; } \n\n#cmsmasters_icon_69e5008e164518_33142822 .cmsmasters_simple_icon { \n\tborder-width:0px; \n\twidth:36px; \n\theight:36px; \n\tfont-size:32px; \n\tline-height:36px; \n\ttext-align:left; \n\t-webkit-border-radius:50%; \n\tborder-radius:50%; \n\tcolor:#a36f61;} \n \n#cmsmasters_heading_69e5008e1645c8_41192024 { \n\ttext-align:left; \n\tmargin-top:20px; \n\tmargin-bottom:30px; \n} \n\n#cmsmasters_heading_69e5008e1645c8_41192024 .cmsmasters_heading { \n\ttext-align:left; \n} \n\n#cmsmasters_heading_69e5008e1645c8_41192024 .cmsmasters_heading, #cmsmasters_heading_69e5008e1645c8_41192024 .cmsmasters_heading a { \n\tfont-weight:bold; \n\tfont-style:normal; \n} \n\n#cmsmasters_heading_69e5008e1645c8_41192024 .cmsmasters_heading_divider { \n} \n\n<\/style><div id=\"cmsmasters_row_69e5008e14f4a0_92368659\" class=\"cmsmasters_row cmsmasters_color_scheme_default cmsmasters_row_top_default cmsmasters_row_bot_default cmsmasters_row_boxed\">\n<div class=\"cmsmasters_row_outer_parent\">\n<div class=\"cmsmasters_row_outer\">\n<div class=\"cmsmasters_row_inner\">\n<div class=\"cmsmasters_row_margin\">\n<div class=\"cmsmasters_column one_first\">\n<div class=\"cmsmasters_text\">\n<h5 style=\"text-align: center;\">Pentru oricare dintre tipurile de terapie, te rog s\u0103 suni pentru a programa o \u00eent\u00e2lnire<\/h5>\n<p style=\"text-align: center;\"><span style=\"font-family: droid serif; color: #333333;\"><em><span style=\"font-size: 18pt;\">+4 0745 042 389<br \/>\nPentru a programa o sedinta puteti suna la numarul afisat sau sa dati mesaj sms sau whatsapp. Daca nu raspund, revin eu de indata ce ma eliberez. Multumesc!<\/span><\/em><\/span><\/p>\n<\/div>\n<div class=\"cmsmasters_wrap_portfolio entry-summary\" id=\"portfolio_69e5008e151ab5_00145200\">\r\n<script type=\"text\/javascript\">\r\njQuery(document).ready(function () {\r\n\t(function ($) {\r\n\t\tif ($('#portfolio_69e5008e151ab5_00145200').find('article').length == '0') {\r\n\t\t\treturn false;\r\n\t\t}\r\n\t\t\r\n\t\r\n\t\tstartPortfolio( \r\n\t\t\t'69e5008e151ab5_00145200', \r\n\t\t\t'grid', \r\n\t\t\t'perfect', \r\n\t\t\t'https:\/\/anapantazescu.ro\/wp-content\/plugins\/cmsmasters-content-composer\/', \r\n\t\t\t'date', \r\n\t\t\t'DESC', \r\n\t\t\t'3', \r\n\t\t\t'', \r\n\t\t\t'title' \r\n\t\t);\r\n\t} )(jQuery);\r\n} );\r\n<\/script>\r\n<div class=\"portfolio grid large_gap perfect cmsmasters_3\"><\/div><\/div>\n<\/div>\n<\/div>\n<\/div>\n<\/div>\n<\/div>\n<\/div>\n<div id=\"cmsmasters_row_69e5008e15eb35_57824566\" class=\"cmsmasters_row cmsmasters_color_scheme_default cmsmasters_row_top_default cmsmasters_row_bot_default cmsmasters_row_boxed\">\n<div class=\"cmsmasters_row_outer_parent\">\n<div class=\"cmsmasters_row_outer\">\n<div class=\"cmsmasters_row_inner\">\n<div class=\"cmsmasters_row_margin\">\n<div class=\"cmsmasters_column one_fourth\">\n\n<div id=\"cmsmasters_divider_69e5008e161638_86219889\" class=\"cl\"><\/div>\n<div class=\"cmsmasters_img  cmsmasters_image_n\">\n<img decoding=\"async\" src=\"https:\/\/anapantazescu.ro\/wp-content\/uploads\/2018\/04\/Logo-Principal-Ana-Pantazescu.png\" alt=\"Logo-Principal-Ana-Pantazescu\" \/>\n<\/div>\n<\/div>\n<div class=\"cmsmasters_column one_fourth\">\n\n<div id=\"cmsmasters_icon_69e5008e1638d8_46061022\" class=\"cmsmasters_icon_wrap\"><span class=\"cmsmasters_simple_icon cmsmasters-icon-location-3\"><\/span><\/div>\n\n<div id=\"cmsmasters_heading_69e5008e163a73_09979172\" class=\"cmsmasters_heading_wrap cmsmasters_heading_align_left\">\n\t<h2 class=\"cmsmasters_heading\">CABINET<\/h2>\n<\/div><div class=\"cmsmasters_text\">\n<p><em>Intrarea Grigore Alexandrescu nr 1,<br \/>\n<\/em><em>Et 2, ap 3, Sector 1, Bucuresti\u00a0<\/em><\/p>\n<\/div>\n<\/div>\n<div class=\"cmsmasters_column one_fourth\">\n\n<div id=\"cmsmasters_icon_69e5008e163fc2_80395024\" class=\"cmsmasters_icon_wrap\"><span class=\"cmsmasters_simple_icon cmsmasters-icon-comment-3\"><\/span><\/div>\n\n<div id=\"cmsmasters_heading_69e5008e164097_20493035\" class=\"cmsmasters_heading_wrap cmsmasters_heading_align_left\">\n\t<h2 class=\"cmsmasters_heading\">CONTACT<\/h2>\n<\/div><div class=\"cmsmasters_text\">\n<p>anapantazescu@gmail.com<br \/>\n<span style=\"font-size: 11pt; font-family: droid serif;\"><em>+4 0745 042 389<br \/>\nPentru programare, sunati sau trimiteti sms sau whatsapp.<br \/>\n<\/em><\/span><\/p>\n<\/div>\n<\/div>\n<div class=\"cmsmasters_column one_fourth\">\n\n<div id=\"cmsmasters_icon_69e5008e164518_33142822\" class=\"cmsmasters_icon_wrap\"><span class=\"cmsmasters_simple_icon cmsmasters-icon-time\"><\/span><\/div>\n\n<div id=\"cmsmasters_heading_69e5008e1645c8_41192024\" class=\"cmsmasters_heading_wrap cmsmasters_heading_align_left\">\n\t<h2 class=\"cmsmasters_heading\">ORE DE LUCRU<\/h2>\n<\/div><div class=\"cmsmasters_text\">\n<p><span style=\"font-size: 11pt; font-family: droid serif;\"><em>Luni: liber<br \/>\nMa, Mi: <\/em><\/span><span style=\"font-size: 11pt; font-family: droid serif;\"><em>9-18, ultima sedinta la 17<br \/>\nJoi: 9-13, ultima sedinta la 12<br \/>\nVi: 9-18, ultima sedinta la 17<br \/>\nSe pot programa si sedinte online.<br \/>\n<\/em><\/span><\/p>\n<\/div>\n<\/div>\n<\/div>\n<\/div>\n<\/div>\n<\/div>\n<\/div>\n\n","protected":false},"excerpt":{"rendered":"Terapia de cuplu este o form\u0103 de psihoterapie destinat\u0103 oric\u0103rui tip de cuplu care are dificult\u0103\u021bi de rela\u021bionare. Cei care apeleaz\u0103 la o astfel de terapie \u00ee\u0219i doresc s\u0103 comunice mai deschis, s\u0103 stabilesc\u0103 noi reguli \u0219i au nevoie de suport pentru asta. Un alt motiv pentru care cuplul intr\u0103 \u00een terpie este s\u0103 g\u0103seasc\u0103...","protected":false},"author":1,"featured_media":0,"parent":0,"menu_order":2,"comment_status":"closed","ping_status":"closed","template":"","meta":{"_exactmetrics_skip_tracking":false,"_exactmetrics_sitenote_active":false,"_exactmetrics_sitenote_note":"","_exactmetrics_sitenote_category":0,"footnotes":""},"class_list":["post-10079","page","type-page","status-publish","hentry"],"yoast_head":"<!-- This site is optimized with the Yoast SEO plugin v26.5 - https:\/\/yoast.com\/wordpress\/plugins\/seo\/ -->\n<title>Contact - Ana Pantazescu Website<\/title>\n<meta name=\"robots\" content=\"index, follow, max-snippet:-1, max-image-preview:large, max-video-preview:-1\" \/>\n<link rel=\"canonical\" href=\"https:\/\/anapantazescu.ro\/index.php\/contact\/\" \/>\n<meta property=\"og:locale\" content=\"en_US\" \/>\n<meta property=\"og:type\" content=\"article\" \/>\n<meta property=\"og:title\" content=\"Contact - Ana Pantazescu Website\" \/>\n<meta property=\"og:url\" content=\"https:\/\/anapantazescu.ro\/index.php\/contact\/\" \/>\n<meta property=\"og:site_name\" content=\"Ana Pantazescu Website\" \/>\n<meta property=\"article:modified_time\" content=\"2025-11-10T13:47:58+00:00\" \/>\n<meta name=\"twitter:card\" content=\"summary_large_image\" \/>\n<meta name=\"twitter:label1\" content=\"Est. reading time\" \/>\n\t<meta name=\"twitter:data1\" content=\"1 minute\" \/>\n<script type=\"application\/ld+json\" class=\"yoast-schema-graph\">{\"@context\":\"https:\/\/schema.org\",\"@graph\":[{\"@type\":\"WebPage\",\"@id\":\"https:\/\/anapantazescu.ro\/index.php\/contact\/\",\"url\":\"https:\/\/anapantazescu.ro\/index.php\/contact\/\",\"name\":\"Contact - Ana Pantazescu Website\",\"isPartOf\":{\"@id\":\"https:\/\/anapantazescu.ro\/#website\"},\"datePublished\":\"2016-03-11T05:17:40+00:00\",\"dateModified\":\"2025-11-10T13:47:58+00:00\",\"breadcrumb\":{\"@id\":\"https:\/\/anapantazescu.ro\/index.php\/contact\/#breadcrumb\"},\"inLanguage\":\"en-US\",\"potentialAction\":[{\"@type\":\"ReadAction\",\"target\":[\"https:\/\/anapantazescu.ro\/index.php\/contact\/\"]}]},{\"@type\":\"BreadcrumbList\",\"@id\":\"https:\/\/anapantazescu.ro\/index.php\/contact\/#breadcrumb\",\"itemListElement\":[{\"@type\":\"ListItem\",\"position\":1,\"name\":\"Home\",\"item\":\"https:\/\/anapantazescu.ro\/\"},{\"@type\":\"ListItem\",\"position\":2,\"name\":\"Contact\"}]},{\"@type\":\"WebSite\",\"@id\":\"https:\/\/anapantazescu.ro\/#website\",\"url\":\"https:\/\/anapantazescu.ro\/\",\"name\":\"Ana Pantazescu Website\",\"description\":\"Psiholog Terapeut\",\"potentialAction\":[{\"@type\":\"SearchAction\",\"target\":{\"@type\":\"EntryPoint\",\"urlTemplate\":\"https:\/\/anapantazescu.ro\/?s={search_term_string}\"},\"query-input\":{\"@type\":\"PropertyValueSpecification\",\"valueRequired\":true,\"valueName\":\"search_term_string\"}}],\"inLanguage\":\"en-US\"}]}<\/script>\n<!-- \/ Yoast SEO plugin. -->","yoast_head_json":{"title":"Contact - Ana Pantazescu Website","robots":{"index":"index","follow":"follow","max-snippet":"max-snippet:-1","max-image-preview":"max-image-preview:large","max-video-preview":"max-video-preview:-1"},"canonical":"https:\/\/anapantazescu.ro\/index.php\/contact\/","og_locale":"en_US","og_type":"article","og_title":"Contact - Ana Pantazescu Website","og_url":"https:\/\/anapantazescu.ro\/index.php\/contact\/","og_site_name":"Ana Pantazescu Website","article_modified_time":"2025-11-10T13:47:58+00:00","twitter_card":"summary_large_image","twitter_misc":{"Est. reading time":"1 minute"},"schema":{"@context":"https:\/\/schema.org","@graph":[{"@type":"WebPage","@id":"https:\/\/anapantazescu.ro\/index.php\/contact\/","url":"https:\/\/anapantazescu.ro\/index.php\/contact\/","name":"Contact - Ana Pantazescu Website","isPartOf":{"@id":"https:\/\/anapantazescu.ro\/#website"},"datePublished":"2016-03-11T05:17:40+00:00","dateModified":"2025-11-10T13:47:58+00:00","breadcrumb":{"@id":"https:\/\/anapantazescu.ro\/index.php\/contact\/#breadcrumb"},"inLanguage":"en-US","potentialAction":[{"@type":"ReadAction","target":["https:\/\/anapantazescu.ro\/index.php\/contact\/"]}]},{"@type":"BreadcrumbList","@id":"https:\/\/anapantazescu.ro\/index.php\/contact\/#breadcrumb","itemListElement":[{"@type":"ListItem","position":1,"name":"Home","item":"https:\/\/anapantazescu.ro\/"},{"@type":"ListItem","position":2,"name":"Contact"}]},{"@type":"WebSite","@id":"https:\/\/anapantazescu.ro\/#website","url":"https:\/\/anapantazescu.ro\/","name":"Ana Pantazescu Website","description":"Psiholog Terapeut","potentialAction":[{"@type":"SearchAction","target":{"@type":"EntryPoint","urlTemplate":"https:\/\/anapantazescu.ro\/?s={search_term_string}"},"query-input":{"@type":"PropertyValueSpecification","valueRequired":true,"valueName":"search_term_string"}}],"inLanguage":"en-US"}]}},"_links":{"self":[{"href":"https:\/\/anapantazescu.ro\/index.php\/wp-json\/wp\/v2\/pages\/10079","targetHints":{"allow":["GET"]}}],"collection":[{"href":"https:\/\/anapantazescu.ro\/index.php\/wp-json\/wp\/v2\/pages"}],"about":[{"href":"https:\/\/anapantazescu.ro\/index.php\/wp-json\/wp\/v2\/types\/page"}],"author":[{"embeddable":true,"href":"https:\/\/anapantazescu.ro\/index.php\/wp-json\/wp\/v2\/users\/1"}],"replies":[{"embeddable":true,"href":"https:\/\/anapantazescu.ro\/index.php\/wp-json\/wp\/v2\/comments?post=10079"}],"version-history":[{"count":48,"href":"https:\/\/anapantazescu.ro\/index.php\/wp-json\/wp\/v2\/pages\/10079\/revisions"}],"predecessor-version":[{"id":21647,"href":"https:\/\/anapantazescu.ro\/index.php\/wp-json\/wp\/v2\/pages\/10079\/revisions\/21647"}],"wp:attachment":[{"href":"https:\/\/anapantazescu.ro\/index.php\/wp-json\/wp\/v2\/media?parent=10079"}],"curies":[{"name":"wp","href":"https:\/\/api.w.org\/{rel}","templated":true}]}}